{"id":11938,"date":"2021-05-10T13:30:20","date_gmt":"2021-05-10T11:30:20","guid":{"rendered":"https:\/\/elejido.es\/consumo\/?page_id=11938"},"modified":"2025-02-21T11:40:19","modified_gmt":"2025-02-21T10:40:19","slug":"empresas-adheridas","status":"publish","type":"page","link":"https:\/\/elejido.es\/consumo\/index.php\/sistema-arbitral-de-consumo\/junta-arbitral-de-consumo\/empresas-adheridas\/","title":{"rendered":"Empresas adheridas"},"content":{"rendered":"\n<div class=\"wp-block-group container\"><div class=\"wp-block-group__inner-container is-layout-flow wp-block-group-is-layout-flow\">\n<div style=\"height:25px\" aria-hidden=\"true\" class=\"wp-block-spacer\"><\/div>\n\n\n\n<div style=\"height:5px\" aria-hidden=\"true\" class=\"wp-block-spacer\"><\/div>\n\n\n<div class=\"breadcrumbs align  wp-block-bcn-breadcrumb-trail has-text-color has-background\" vocab=\"https:\/\/schema.org\/\" typeof=\"BreadcrumbList\">\n\t<span><\/span>\n\t<span property=\"itemListElement\" typeof=\"ListItem\"><a property=\"item\" typeof=\"WebPage\" title=\"Ir a Consumo El Ejido.\" href=\"https:\/\/elejido.es\/consumo\" class=\"home\" aria-current=\"page\"><span property=\"name\">Consumo El Ejido<\/span><\/a><meta property=\"position\" content=\"1\"><\/span><\/div>\n\n\n\n<div style=\"height:50px\" aria-hidden=\"true\" class=\"wp-block-spacer\"><\/div>\n\n\n\n<h2 class=\"wp-block-heading\">Empresas adheridas al SAC<\/h2>\n\n\n\n<p>A continuaci\u00f3n, te presentamos el listado de empresas de El Ejido adheridas al Sistema Arbitral de Consumo (SAC), garantizando una atenci\u00f3n transparente y eficiente en la resoluci\u00f3n de posibles reclamaciones.<\/p>\n\n\n\n<div style=\"height:25px\" aria-hidden=\"true\" class=\"wp-block-spacer\"><\/div>\n\n\n\n<p><a href=\"https:\/\/app.elejido.es\/consumo\/wp-content\/uploads\/2025\/02\/EMPRESAS.pdf\">EMPRESAS DEL MUNICIPIO DE EL EJIDO<\/a> <\/p>\n\n\n\n<p><a href=\"https:\/\/app.elejido.es\/consumo\/wp-content\/uploads\/2025\/02\/EMPRESAS.pdf\">COMPA\u00d1\u00cdAS TELEF\u00d3NICAS Y OTRAS EMPRESAS ADHERIDAS A NIVEL NACIONAL<\/a><\/p>\n<\/div><\/div>\n\n\n\n<div style=\"height:100px\" aria-hidden=\"true\" class=\"wp-block-spacer\"><\/div>\n","protected":false},"excerpt":{"rendered":"<p>Empresas adheridas al SAC A continuaci\u00f3n, te presentamos el listado de empresas de El Ejido adheridas al Sistema Arbitral de Consumo (SAC), garantizando una atenci\u00f3n transparente y eficiente en la resoluci\u00f3n de posibles reclamaciones. EMPRESAS DEL MUNICIPIO DE EL EJIDO COMPA\u00d1\u00cdAS TELEF\u00d3NICAS Y OTRAS EMPRESAS ADHERIDAS A NIVEL NACIONAL<\/p>\n","protected":false},"author":5,"featured_media":0,"parent":21758,"menu_order":0,"comment_status":"closed","ping_status":"closed","template":"","meta":{"content-type":"","ocean_post_layout":"","ocean_both_sidebars_style":"","ocean_both_sidebars_content_width":0,"ocean_both_sidebars_sidebars_width":0,"ocean_sidebar":"0","ocean_second_sidebar":"0","ocean_disable_margins":"enable","ocean_add_body_class":"","ocean_shortcode_before_top_bar":"","ocean_shortcode_after_top_bar":"","ocean_shortcode_before_header":"","ocean_shortcode_after_header":"","ocean_has_shortcode":"","ocean_shortcode_after_title":"","ocean_shortcode_before_footer_widgets":"","ocean_shortcode_after_footer_widgets":"","ocean_shortcode_before_footer_bottom":"","ocean_shortcode_after_footer_bottom":"","ocean_display_top_bar":"default","ocean_display_header":"default","ocean_header_style":"","ocean_center_header_left_menu":"0","ocean_custom_header_template":"0","ocean_custom_logo":0,"ocean_custom_retina_logo":0,"ocean_custom_logo_max_width":0,"ocean_custom_logo_tablet_max_width":0,"ocean_custom_logo_mobile_max_width":0,"ocean_custom_logo_max_height":0,"ocean_custom_logo_tablet_max_height":0,"ocean_custom_logo_mobile_max_height":0,"ocean_header_custom_menu":"0","ocean_menu_typo_font_family":"0","ocean_menu_typo_font_subset":"","ocean_menu_typo_font_size":0,"ocean_menu_typo_font_size_tablet":0,"ocean_menu_typo_font_size_mobile":0,"ocean_menu_typo_font_size_unit":"px","ocean_menu_typo_font_weight":"","ocean_menu_typo_font_weight_tablet":"","ocean_menu_typo_font_weight_mobile":"","ocean_menu_typo_transform":"","ocean_menu_typo_transform_tablet":"","ocean_menu_typo_transform_mobile":"","ocean_menu_typo_line_height":0,"ocean_menu_typo_line_height_tablet":0,"ocean_menu_typo_line_height_mobile":0,"ocean_menu_typo_line_height_unit":"","ocean_menu_typo_spacing":0,"ocean_menu_typo_spacing_tablet":0,"ocean_menu_typo_spacing_mobile":0,"ocean_menu_typo_spacing_unit":"","ocean_menu_link_color":"","ocean_menu_link_color_hover":"","ocean_menu_link_color_active":"","ocean_menu_link_background":"","ocean_menu_link_hover_background":"","ocean_menu_link_active_background":"","ocean_menu_social_links_bg":"","ocean_menu_social_hover_links_bg":"","ocean_menu_social_links_color":"","ocean_menu_social_hover_links_color":"","ocean_disable_title":"default","ocean_disable_heading":"default","ocean_post_title":"","ocean_post_subheading":"","ocean_post_title_style":"","ocean_post_title_background_color":"","ocean_post_title_background":0,"ocean_post_title_bg_image_position":"","ocean_post_title_bg_image_attachment":"","ocean_post_title_bg_image_repeat":"","ocean_post_title_bg_image_size":"","ocean_post_title_height":0,"ocean_post_title_bg_overlay":0.5,"ocean_post_title_bg_overlay_color":"","ocean_disable_breadcrumbs":"default","ocean_breadcrumbs_color":"","ocean_breadcrumbs_separator_color":"","ocean_breadcrumbs_links_color":"","ocean_breadcrumbs_links_hover_color":"","ocean_display_footer_widgets":"default","ocean_display_footer_bottom":"default","ocean_custom_footer_template":"0","footnotes":""},"class_list":["post-11938","page","type-page","status-publish","hentry","entry"],"yoast_head":"<!-- This site is optimized with the Yoast SEO plugin v27.3 - https:\/\/yoast.com\/product\/yoast-seo-wordpress\/ -->\n<title>Empresas adheridas - Consumo El Ejido<\/title>\n<meta name=\"description\" content=\"Te presentamos el listado de empresas de El Ejido adheridas al Sistema Arbitral de Consumo (SAC) y otras a nivel nacional.\" \/>\n<meta name=\"robots\" content=\"index, follow, max-snippet:-1, max-image-preview:large, max-video-preview:-1\" \/>\n<link rel=\"canonical\" href=\"https:\/\/elejido.es\/consumo\/index.php\/sistema-arbitral-de-consumo\/junta-arbitral-de-consumo\/empresas-adheridas\/\" \/>\n<meta property=\"og:locale\" content=\"es_ES\" \/>\n<meta property=\"og:type\" content=\"article\" \/>\n<meta property=\"og:title\" content=\"Empresas adheridas - Consumo El Ejido\" \/>\n<meta property=\"og:description\" content=\"Te presentamos el listado de empresas de El Ejido adheridas al Sistema Arbitral de Consumo (SAC) y otras a nivel nacional.\" \/>\n<meta property=\"og:url\" content=\"https:\/\/elejido.es\/consumo\/index.php\/sistema-arbitral-de-consumo\/junta-arbitral-de-consumo\/empresas-adheridas\/\" \/>\n<meta property=\"og:site_name\" content=\"Consumo El Ejido\" \/>\n<meta property=\"article:modified_time\" content=\"2025-02-21T10:40:19+00:00\" \/>\n<meta name=\"twitter:card\" content=\"summary_large_image\" \/>\n<meta name=\"twitter:label1\" content=\"Tiempo de lectura\" \/>\n\t<meta name=\"twitter:data1\" content=\"1 minuto\" \/>\n<script type=\"application\/ld+json\" class=\"yoast-schema-graph\">{\"@context\":\"https:\\\/\\\/schema.org\",\"@graph\":[{\"@type\":\"WebPage\",\"@id\":\"https:\\\/\\\/elejido.es\\\/consumo\\\/index.php\\\/sistema-arbitral-de-consumo\\\/junta-arbitral-de-consumo\\\/empresas-adheridas\\\/\",\"url\":\"https:\\\/\\\/elejido.es\\\/consumo\\\/index.php\\\/sistema-arbitral-de-consumo\\\/junta-arbitral-de-consumo\\\/empresas-adheridas\\\/\",\"name\":\"Empresas adheridas - Consumo El Ejido\",\"isPartOf\":{\"@id\":\"https:\\\/\\\/elejido.es\\\/consumo\\\/#website\"},\"datePublished\":\"2021-05-10T11:30:20+00:00\",\"dateModified\":\"2025-02-21T10:40:19+00:00\",\"description\":\"Te presentamos el listado de empresas de El Ejido adheridas al Sistema Arbitral de Consumo (SAC) y otras a nivel nacional.\",\"breadcrumb\":{\"@id\":\"https:\\\/\\\/elejido.es\\\/consumo\\\/index.php\\\/sistema-arbitral-de-consumo\\\/junta-arbitral-de-consumo\\\/empresas-adheridas\\\/#breadcrumb\"},\"inLanguage\":\"es\",\"potentialAction\":[{\"@type\":\"ReadAction\",\"target\":[\"https:\\\/\\\/elejido.es\\\/consumo\\\/index.php\\\/sistema-arbitral-de-consumo\\\/junta-arbitral-de-consumo\\\/empresas-adheridas\\\/\"]}]},{\"@type\":\"BreadcrumbList\",\"@id\":\"https:\\\/\\\/elejido.es\\\/consumo\\\/index.php\\\/sistema-arbitral-de-consumo\\\/junta-arbitral-de-consumo\\\/empresas-adheridas\\\/#breadcrumb\",\"itemListElement\":[{\"@type\":\"ListItem\",\"position\":1,\"name\":\"Sistema Arbitral de Consumo\",\"item\":\"https:\\\/\\\/elejido.es\\\/consumo\\\/index.php\\\/sistema-arbitral-de-consumo\\\/\"},{\"@type\":\"ListItem\",\"position\":2,\"name\":\"SAC para empresarios\",\"item\":\"https:\\\/\\\/elejido.es\\\/consumo\\\/index.php\\\/sistema-arbitral-de-consumo\\\/junta-arbitral-de-consumo\\\/\"},{\"@type\":\"ListItem\",\"position\":3,\"name\":\"Empresas adheridas\"}]},{\"@type\":\"WebSite\",\"@id\":\"https:\\\/\\\/elejido.es\\\/consumo\\\/#website\",\"url\":\"https:\\\/\\\/elejido.es\\\/consumo\\\/\",\"name\":\"Consumo El Ejido\",\"description\":\"P\u00e1gina Oficial del \u00c1rea de Consumo del Ayuntamiento de El Ejido. Conoce la OMIC de El Ejido. Consejos para consumidores y mucho m\u00e1s.\",\"publisher\":{\"@id\":\"https:\\\/\\\/elejido.es\\\/consumo\\\/#organization\"},\"potentialAction\":[{\"@type\":\"SearchAction\",\"target\":{\"@type\":\"EntryPoint\",\"urlTemplate\":\"https:\\\/\\\/elejido.es\\\/consumo\\\/?s={search_term_string}\"},\"query-input\":{\"@type\":\"PropertyValueSpecification\",\"valueRequired\":true,\"valueName\":\"search_term_string\"}}],\"inLanguage\":\"es\"},{\"@type\":\"Organization\",\"@id\":\"https:\\\/\\\/elejido.es\\\/consumo\\\/#organization\",\"name\":\"Consumo El Ejido\",\"url\":\"https:\\\/\\\/elejido.es\\\/consumo\\\/\",\"logo\":{\"@type\":\"ImageObject\",\"inLanguage\":\"es\",\"@id\":\"https:\\\/\\\/elejido.es\\\/consumo\\\/#\\\/schema\\\/logo\\\/image\\\/\",\"url\":\"https:\\\/\\\/elejido.es\\\/consumo\\\/wp-content\\\/uploads\\\/2023\\\/08\\\/unnamed.jpg\",\"contentUrl\":\"https:\\\/\\\/elejido.es\\\/consumo\\\/wp-content\\\/uploads\\\/2023\\\/08\\\/unnamed.jpg\",\"width\":512,\"height\":260,\"caption\":\"Consumo El Ejido\"},\"image\":{\"@id\":\"https:\\\/\\\/elejido.es\\\/consumo\\\/#\\\/schema\\\/logo\\\/image\\\/\"}}]}<\/script>\n<!-- \/ Yoast SEO plugin. -->","yoast_head_json":{"title":"Empresas adheridas - Consumo El Ejido","description":"Te presentamos el listado de empresas de El Ejido adheridas al Sistema Arbitral de Consumo (SAC) y otras a nivel nacional.","robots":{"index":"index","follow":"follow","max-snippet":"max-snippet:-1","max-image-preview":"max-image-preview:large","max-video-preview":"max-video-preview:-1"},"canonical":"https:\/\/elejido.es\/consumo\/index.php\/sistema-arbitral-de-consumo\/junta-arbitral-de-consumo\/empresas-adheridas\/","og_locale":"es_ES","og_type":"article","og_title":"Empresas adheridas - Consumo El Ejido","og_description":"Te presentamos el listado de empresas de El Ejido adheridas al Sistema Arbitral de Consumo (SAC) y otras a nivel nacional.","og_url":"https:\/\/elejido.es\/consumo\/index.php\/sistema-arbitral-de-consumo\/junta-arbitral-de-consumo\/empresas-adheridas\/","og_site_name":"Consumo El Ejido","article_modified_time":"2025-02-21T10:40:19+00:00","twitter_card":"summary_large_image","twitter_misc":{"Tiempo de lectura":"1 minuto"},"schema":{"@context":"https:\/\/schema.org","@graph":[{"@type":"WebPage","@id":"https:\/\/elejido.es\/consumo\/index.php\/sistema-arbitral-de-consumo\/junta-arbitral-de-consumo\/empresas-adheridas\/","url":"https:\/\/elejido.es\/consumo\/index.php\/sistema-arbitral-de-consumo\/junta-arbitral-de-consumo\/empresas-adheridas\/","name":"Empresas adheridas - Consumo El Ejido","isPartOf":{"@id":"https:\/\/elejido.es\/consumo\/#website"},"datePublished":"2021-05-10T11:30:20+00:00","dateModified":"2025-02-21T10:40:19+00:00","description":"Te presentamos el listado de empresas de El Ejido adheridas al Sistema Arbitral de Consumo (SAC) y otras a nivel nacional.","breadcrumb":{"@id":"https:\/\/elejido.es\/consumo\/index.php\/sistema-arbitral-de-consumo\/junta-arbitral-de-consumo\/empresas-adheridas\/#breadcrumb"},"inLanguage":"es","potentialAction":[{"@type":"ReadAction","target":["https:\/\/elejido.es\/consumo\/index.php\/sistema-arbitral-de-consumo\/junta-arbitral-de-consumo\/empresas-adheridas\/"]}]},{"@type":"BreadcrumbList","@id":"https:\/\/elejido.es\/consumo\/index.php\/sistema-arbitral-de-consumo\/junta-arbitral-de-consumo\/empresas-adheridas\/#breadcrumb","itemListElement":[{"@type":"ListItem","position":1,"name":"Sistema Arbitral de Consumo","item":"https:\/\/elejido.es\/consumo\/index.php\/sistema-arbitral-de-consumo\/"},{"@type":"ListItem","position":2,"name":"SAC para empresarios","item":"https:\/\/elejido.es\/consumo\/index.php\/sistema-arbitral-de-consumo\/junta-arbitral-de-consumo\/"},{"@type":"ListItem","position":3,"name":"Empresas adheridas"}]},{"@type":"WebSite","@id":"https:\/\/elejido.es\/consumo\/#website","url":"https:\/\/elejido.es\/consumo\/","name":"Consumo El Ejido","description":"P\u00e1gina Oficial del \u00c1rea de Consumo del Ayuntamiento de El Ejido. Conoce la OMIC de El Ejido. Consejos para consumidores y mucho m\u00e1s.","publisher":{"@id":"https:\/\/elejido.es\/consumo\/#organization"},"potentialAction":[{"@type":"SearchAction","target":{"@type":"EntryPoint","urlTemplate":"https:\/\/elejido.es\/consumo\/?s={search_term_string}"},"query-input":{"@type":"PropertyValueSpecification","valueRequired":true,"valueName":"search_term_string"}}],"inLanguage":"es"},{"@type":"Organization","@id":"https:\/\/elejido.es\/consumo\/#organization","name":"Consumo El Ejido","url":"https:\/\/elejido.es\/consumo\/","logo":{"@type":"ImageObject","inLanguage":"es","@id":"https:\/\/elejido.es\/consumo\/#\/schema\/logo\/image\/","url":"https:\/\/elejido.es\/consumo\/wp-content\/uploads\/2023\/08\/unnamed.jpg","contentUrl":"https:\/\/elejido.es\/consumo\/wp-content\/uploads\/2023\/08\/unnamed.jpg","width":512,"height":260,"caption":"Consumo El Ejido"},"image":{"@id":"https:\/\/elejido.es\/consumo\/#\/schema\/logo\/image\/"}}]}},"_links":{"self":[{"href":"https:\/\/elejido.es\/consumo\/index.php\/wp-json\/wp\/v2\/pages\/11938","targetHints":{"allow":["GET"]}}],"collection":[{"href":"https:\/\/elejido.es\/consumo\/index.php\/wp-json\/wp\/v2\/pages"}],"about":[{"href":"https:\/\/elejido.es\/consumo\/index.php\/wp-json\/wp\/v2\/types\/page"}],"author":[{"embeddable":true,"href":"https:\/\/elejido.es\/consumo\/index.php\/wp-json\/wp\/v2\/users\/5"}],"replies":[{"embeddable":true,"href":"https:\/\/elejido.es\/consumo\/index.php\/wp-json\/wp\/v2\/comments?post=11938"}],"version-history":[{"count":29,"href":"https:\/\/elejido.es\/consumo\/index.php\/wp-json\/wp\/v2\/pages\/11938\/revisions"}],"predecessor-version":[{"id":22937,"href":"https:\/\/elejido.es\/consumo\/index.php\/wp-json\/wp\/v2\/pages\/11938\/revisions\/22937"}],"up":[{"embeddable":true,"href":"https:\/\/elejido.es\/consumo\/index.php\/wp-json\/wp\/v2\/pages\/21758"}],"wp:attachment":[{"href":"https:\/\/elejido.es\/consumo\/index.php\/wp-json\/wp\/v2\/media?parent=11938"}],"curies":[{"name":"wp","href":"https:\/\/api.w.org\/{rel}","templated":true}]}}