{"id":1675,"date":"2020-12-15T12:43:30","date_gmt":"2020-12-15T11:43:30","guid":{"rendered":"http:\/\/localhost\/wordpress\/?page_id=1675"},"modified":"2025-02-06T09:17:24","modified_gmt":"2025-02-06T08:17:24","slug":"consejos","status":"publish","type":"page","link":"https:\/\/elejido.es\/consumo\/index.php\/el-consumidor\/consejos\/","title":{"rendered":"Consejos"},"content":{"rendered":"\n<div style=\"height:25px\" aria-hidden=\"true\" class=\"wp-block-spacer\"><\/div>\n\n\n\n<div class=\"wp-block-group container\"><div class=\"wp-block-group__inner-container is-layout-flow wp-block-group-is-layout-flow\"><div class=\"breadcrumbs align  wp-block-bcn-breadcrumb-trail has-text-color has-background\" vocab=\"https:\/\/schema.org\/\" typeof=\"BreadcrumbList\">\n\t<span><\/span>\n\t<span property=\"itemListElement\" typeof=\"ListItem\"><a property=\"item\" typeof=\"WebPage\" title=\"Ir a Consumo El Ejido.\" href=\"https:\/\/elejido.es\/consumo\" class=\"home\" aria-current=\"page\"><span property=\"name\">Consumo El Ejido<\/span><\/a><meta property=\"position\" content=\"1\"><\/span><\/div>\n\n\n\n<div style=\"height:50px\" aria-hidden=\"true\" class=\"wp-block-spacer\"><\/div>\n\n\n\n<h2 class=\"has-text-align-left animated zoomIn duration1 eds-on-scroll has-black-color has-text-color wp-block-heading\">La OMIC te aconseja<\/h2>\n\n\n\n<p>Descubre los mejores consejos para consumidores: gu\u00edas de compra, derechos del consumidor, ahorro inteligente y tips para hacer compras seguras y eficientes. \u00a1Toma decisiones informadas!<\/p>\n\n\n\n<div style=\"height:50px\" aria-hidden=\"true\" class=\"wp-block-spacer\"><\/div>\n\n\n\n<div class=\"wp-block-query is-layout-flow wp-block-query-is-layout-flow\"><ul class=\"wp-block-post-template is-layout-flow wp-block-post-template-is-layout-flow\"><li class=\"wp-block-post post-22928 post type-post status-publish format-standard has-post-thumbnail hentry category-consejos entry has-media\">\n<h2 class=\"wp-block-post-title\"><a href=\"https:\/\/elejido.es\/consumo\/index.php\/ahorremos-energia-con-un-consumo-responsable\/\" target=\"_self\" >Ahorremos energ\u00eda con un consumo responsable<\/a><\/h2>\n\n<div class=\"wp-block-post-excerpt\"><p class=\"wp-block-post-excerpt__excerpt\">8 consejos para ahorra energ\u00eda Sabemos que cada peque\u00f1o gesto cuenta. Por eso, hemos preparado una serie de consejos pr\u00e1cticos para ayudarte a reducir tu consumo de energ\u00eda en casa sin sacrificar comodidad. Implementarlos no solo har\u00e1 que tu factura sea m\u00e1s ligera, sino que tambi\u00e9n contribuir\u00e1s a un futuro m\u00e1s sostenible. \u00a1Descubre c\u00f3mo hacer<\/p><p class=\"wp-block-post-excerpt__more-text\"><a class=\"wp-block-post-excerpt__more-link\" href=\"https:\/\/elejido.es\/consumo\/index.php\/ahorremos-energia-con-un-consumo-responsable\/\">Leer m\u00e1s<\/a><\/p><\/div>\n<\/li><li class=\"wp-block-post post-22799 post type-post status-publish format-standard has-post-thumbnail hentry category-consejos entry has-media\">\n<h2 class=\"wp-block-post-title\"><a href=\"https:\/\/elejido.es\/consumo\/index.php\/consejos-para-consumidores-durante-las-rebajas\/\" target=\"_self\" >Consejos para consumidores durante las rebajas<\/a><\/h2>\n\n<div class=\"wp-block-post-excerpt\"><p class=\"wp-block-post-excerpt__excerpt\">Consejos para consumidores durante las rebajas \u00a1Las rebajas est\u00e1n a punto de llegar! Es ese momento del a\u00f1o en el que las tiendas lanzan irresistibles descuentos y los consumidores se lanzan en busca de grandes ofertas. Pero antes de que te sumerjas en un frenes\u00ed de compras, detente un momento y considera estos consejos para<\/p><p class=\"wp-block-post-excerpt__more-text\"><a class=\"wp-block-post-excerpt__more-link\" href=\"https:\/\/elejido.es\/consumo\/index.php\/consejos-para-consumidores-durante-las-rebajas\/\">Leer m\u00e1s<\/a><\/p><\/div>\n<\/li><li class=\"wp-block-post post-22795 post type-post status-publish format-standard has-post-thumbnail hentry category-consejos entry has-media\">\n<h2 class=\"wp-block-post-title\"><a href=\"https:\/\/elejido.es\/consumo\/index.php\/en-navidad-consume-con-responsabilidad\/\" target=\"_self\" >En Navidad consume con responsabilidad<\/a><\/h2>\n\n<div class=\"wp-block-post-excerpt\"><p class=\"wp-block-post-excerpt__excerpt\">En Navidad consume con responsabilidad Con la fiebre de las compras a la vuelta de la esquina, \u00bfpor qu\u00e9 no considerar un enfoque m\u00e1s consciente y responsable? Aqu\u00ed tienes algunos consejos para hacer tus compras navide\u00f1as de una manera que beneficie tanto a tus seres queridos como al planeta.<\/p><p class=\"wp-block-post-excerpt__more-text\"><a class=\"wp-block-post-excerpt__more-link\" href=\"https:\/\/elejido.es\/consumo\/index.php\/en-navidad-consume-con-responsabilidad\/\">Leer m\u00e1s<\/a><\/p><\/div>\n<\/li><\/ul>\n\n<nav class=\"wp-block-query-pagination is-layout-flex wp-block-query-pagination-is-layout-flex\" aria-label=\"Paginaci\u00f3n\">\n\n\n<div class=\"wp-block-query-pagination-numbers\"><span aria-current=\"page\" class=\"page-numbers current\">1<\/span>\n<a class=\"page-numbers\" href=\"?query-22-page=2\">2<\/a><\/div>\n\n<a href=\"\/consumo\/index.php\/wp-json\/wp\/v2\/pages\/1675?query-22-page=2\" class=\"wp-block-query-pagination-next\">P\u00e1gina siguiente<\/a>\n<\/nav>\n\n<\/div>\n<\/div><\/div>\n\n\n\n<div style=\"height:25px\" aria-hidden=\"true\" class=\"wp-block-spacer\"><\/div>\n\n\n\n<div style=\"height:100px\" aria-hidden=\"true\" class=\"wp-block-spacer\"><\/div>\n","protected":false},"excerpt":{"rendered":"<p>La OMIC te aconseja Descubre los mejores consejos para consumidores: gu\u00edas de compra, derechos del consumidor, ahorro inteligente y tips para hacer compras seguras y eficientes. \u00a1Toma decisiones informadas!<\/p>\n","protected":false},"author":5,"featured_media":0,"parent":21772,"menu_order":0,"comment_status":"closed","ping_status":"closed","template":"","meta":{"content-type":"","ocean_post_layout":"","ocean_both_sidebars_style":"","ocean_both_sidebars_content_width":0,"ocean_both_sidebars_sidebars_width":0,"ocean_sidebar":"0","ocean_second_sidebar":"0","ocean_disable_margins":"enable","ocean_add_body_class":"","ocean_shortcode_before_top_bar":"","ocean_shortcode_after_top_bar":"","ocean_shortcode_before_header":"","ocean_shortcode_after_header":"","ocean_has_shortcode":"","ocean_shortcode_after_title":"","ocean_shortcode_before_footer_widgets":"","ocean_shortcode_after_footer_widgets":"","ocean_shortcode_before_footer_bottom":"","ocean_shortcode_after_footer_bottom":"","ocean_display_top_bar":"default","ocean_display_header":"default","ocean_header_style":"","ocean_center_header_left_menu":"0","ocean_custom_header_template":"0","ocean_custom_logo":0,"ocean_custom_retina_logo":0,"ocean_custom_logo_max_width":0,"ocean_custom_logo_tablet_max_width":0,"ocean_custom_logo_mobile_max_width":0,"ocean_custom_logo_max_height":0,"ocean_custom_logo_tablet_max_height":0,"ocean_custom_logo_mobile_max_height":0,"ocean_header_custom_menu":"0","ocean_menu_typo_font_family":"0","ocean_menu_typo_font_subset":"","ocean_menu_typo_font_size":0,"ocean_menu_typo_font_size_tablet":0,"ocean_menu_typo_font_size_mobile":0,"ocean_menu_typo_font_size_unit":"px","ocean_menu_typo_font_weight":"","ocean_menu_typo_font_weight_tablet":"","ocean_menu_typo_font_weight_mobile":"","ocean_menu_typo_transform":"","ocean_menu_typo_transform_tablet":"","ocean_menu_typo_transform_mobile":"","ocean_menu_typo_line_height":0,"ocean_menu_typo_line_height_tablet":0,"ocean_menu_typo_line_height_mobile":0,"ocean_menu_typo_line_height_unit":"","ocean_menu_typo_spacing":0,"ocean_menu_typo_spacing_tablet":0,"ocean_menu_typo_spacing_mobile":0,"ocean_menu_typo_spacing_unit":"","ocean_menu_link_color":"","ocean_menu_link_color_hover":"","ocean_menu_link_color_active":"","ocean_menu_link_background":"","ocean_menu_link_hover_background":"","ocean_menu_link_active_background":"","ocean_menu_social_links_bg":"","ocean_menu_social_hover_links_bg":"","ocean_menu_social_links_color":"","ocean_menu_social_hover_links_color":"","ocean_disable_title":"default","ocean_disable_heading":"default","ocean_post_title":"","ocean_post_subheading":"","ocean_post_title_style":"","ocean_post_title_background_color":"","ocean_post_title_background":0,"ocean_post_title_bg_image_position":"","ocean_post_title_bg_image_attachment":"","ocean_post_title_bg_image_repeat":"","ocean_post_title_bg_image_size":"","ocean_post_title_height":0,"ocean_post_title_bg_overlay":0.5,"ocean_post_title_bg_overlay_color":"","ocean_disable_breadcrumbs":"default","ocean_breadcrumbs_color":"","ocean_breadcrumbs_separator_color":"","ocean_breadcrumbs_links_color":"","ocean_breadcrumbs_links_hover_color":"","ocean_display_footer_widgets":"default","ocean_display_footer_bottom":"default","ocean_custom_footer_template":"0","footnotes":""},"class_list":["post-1675","page","type-page","status-publish","hentry","entry"],"yoast_head":"<!-- This site is optimized with the Yoast SEO plugin v27.4 - https:\/\/yoast.com\/product\/yoast-seo-wordpress\/ -->\n<title>Consejos - Consumo El Ejido<\/title>\n<meta name=\"description\" content=\"Los mejores consejos para consumidores: gu\u00edas de compra, derechos del consumidor o ahorro inteligente. \u00a1Toma decisiones informadas!\" \/>\n<meta name=\"robots\" content=\"index, follow, max-snippet:-1, max-image-preview:large, max-video-preview:-1\" \/>\n<link rel=\"canonical\" href=\"https:\/\/elejido.es\/consumo\/index.php\/el-consumidor\/consejos\/\" \/>\n<link rel=\"next\" href=\"https:\/\/elejido.es\/consumo\/index.php\/el-consumidor\/consejos\/1675?query-22-page=2\" \/>\n<meta property=\"og:locale\" content=\"es_ES\" \/>\n<meta property=\"og:type\" content=\"article\" \/>\n<meta property=\"og:title\" content=\"Consejos - Consumo El Ejido\" \/>\n<meta property=\"og:description\" content=\"Los mejores consejos para consumidores: gu\u00edas de compra, derechos del consumidor o ahorro inteligente. \u00a1Toma decisiones informadas!\" \/>\n<meta property=\"og:url\" content=\"https:\/\/elejido.es\/consumo\/index.php\/el-consumidor\/consejos\/\" \/>\n<meta property=\"og:site_name\" content=\"Consumo El Ejido\" \/>\n<meta property=\"article:modified_time\" content=\"2025-02-06T08:17:24+00:00\" \/>\n<meta name=\"twitter:card\" content=\"summary_large_image\" \/>\n<meta name=\"twitter:label1\" content=\"Tiempo de lectura\" \/>\n\t<meta name=\"twitter:data1\" content=\"1 minuto\" \/>\n<script type=\"application\/ld+json\" class=\"yoast-schema-graph\">{\"@context\":\"https:\\\/\\\/schema.org\",\"@graph\":[{\"@type\":\"WebPage\",\"@id\":\"https:\\\/\\\/elejido.es\\\/consumo\\\/index.php\\\/el-consumidor\\\/consejos\\\/\",\"url\":\"https:\\\/\\\/elejido.es\\\/consumo\\\/index.php\\\/el-consumidor\\\/consejos\\\/\",\"name\":\"Consejos - Consumo El Ejido\",\"isPartOf\":{\"@id\":\"https:\\\/\\\/elejido.es\\\/consumo\\\/#website\"},\"datePublished\":\"2020-12-15T11:43:30+00:00\",\"dateModified\":\"2025-02-06T08:17:24+00:00\",\"description\":\"Los mejores consejos para consumidores: gu\u00edas de compra, derechos del consumidor o ahorro inteligente. \u00a1Toma decisiones informadas!\",\"breadcrumb\":{\"@id\":\"https:\\\/\\\/elejido.es\\\/consumo\\\/index.php\\\/el-consumidor\\\/consejos\\\/#breadcrumb\"},\"inLanguage\":\"es\",\"potentialAction\":[{\"@type\":\"ReadAction\",\"target\":[\"https:\\\/\\\/elejido.es\\\/consumo\\\/index.php\\\/el-consumidor\\\/consejos\\\/\"]}]},{\"@type\":\"BreadcrumbList\",\"@id\":\"https:\\\/\\\/elejido.es\\\/consumo\\\/index.php\\\/el-consumidor\\\/consejos\\\/#breadcrumb\",\"itemListElement\":[{\"@type\":\"ListItem\",\"position\":1,\"name\":\"El Consumidor\",\"item\":\"https:\\\/\\\/elejido.es\\\/consumo\\\/index.php\\\/el-consumidor\\\/\"},{\"@type\":\"ListItem\",\"position\":2,\"name\":\"Consejos\"}]},{\"@type\":\"WebSite\",\"@id\":\"https:\\\/\\\/elejido.es\\\/consumo\\\/#website\",\"url\":\"https:\\\/\\\/elejido.es\\\/consumo\\\/\",\"name\":\"Consumo El Ejido\",\"description\":\"P\u00e1gina Oficial del \u00c1rea de Consumo del Ayuntamiento de El Ejido. Conoce la OMIC de El Ejido. Consejos para consumidores y mucho m\u00e1s.\",\"publisher\":{\"@id\":\"https:\\\/\\\/elejido.es\\\/consumo\\\/#organization\"},\"potentialAction\":[{\"@type\":\"SearchAction\",\"target\":{\"@type\":\"EntryPoint\",\"urlTemplate\":\"https:\\\/\\\/elejido.es\\\/consumo\\\/?s={search_term_string}\"},\"query-input\":{\"@type\":\"PropertyValueSpecification\",\"valueRequired\":true,\"valueName\":\"search_term_string\"}}],\"inLanguage\":\"es\"},{\"@type\":\"Organization\",\"@id\":\"https:\\\/\\\/elejido.es\\\/consumo\\\/#organization\",\"name\":\"Consumo El Ejido\",\"url\":\"https:\\\/\\\/elejido.es\\\/consumo\\\/\",\"logo\":{\"@type\":\"ImageObject\",\"inLanguage\":\"es\",\"@id\":\"https:\\\/\\\/elejido.es\\\/consumo\\\/#\\\/schema\\\/logo\\\/image\\\/\",\"url\":\"https:\\\/\\\/elejido.es\\\/consumo\\\/wp-content\\\/uploads\\\/2023\\\/08\\\/unnamed.jpg\",\"contentUrl\":\"https:\\\/\\\/elejido.es\\\/consumo\\\/wp-content\\\/uploads\\\/2023\\\/08\\\/unnamed.jpg\",\"width\":512,\"height\":260,\"caption\":\"Consumo El Ejido\"},\"image\":{\"@id\":\"https:\\\/\\\/elejido.es\\\/consumo\\\/#\\\/schema\\\/logo\\\/image\\\/\"}}]}<\/script>\n<!-- \/ Yoast SEO plugin. -->","yoast_head_json":{"title":"Consejos - Consumo El Ejido","description":"Los mejores consejos para consumidores: gu\u00edas de compra, derechos del consumidor o ahorro inteligente. \u00a1Toma decisiones informadas!","robots":{"index":"index","follow":"follow","max-snippet":"max-snippet:-1","max-image-preview":"max-image-preview:large","max-video-preview":"max-video-preview:-1"},"canonical":"https:\/\/elejido.es\/consumo\/index.php\/el-consumidor\/consejos\/","next":"https:\/\/elejido.es\/consumo\/index.php\/el-consumidor\/consejos\/1675?query-22-page=2","og_locale":"es_ES","og_type":"article","og_title":"Consejos - Consumo El Ejido","og_description":"Los mejores consejos para consumidores: gu\u00edas de compra, derechos del consumidor o ahorro inteligente. \u00a1Toma decisiones informadas!","og_url":"https:\/\/elejido.es\/consumo\/index.php\/el-consumidor\/consejos\/","og_site_name":"Consumo El Ejido","article_modified_time":"2025-02-06T08:17:24+00:00","twitter_card":"summary_large_image","twitter_misc":{"Tiempo de lectura":"1 minuto"},"schema":{"@context":"https:\/\/schema.org","@graph":[{"@type":"WebPage","@id":"https:\/\/elejido.es\/consumo\/index.php\/el-consumidor\/consejos\/","url":"https:\/\/elejido.es\/consumo\/index.php\/el-consumidor\/consejos\/","name":"Consejos - Consumo El Ejido","isPartOf":{"@id":"https:\/\/elejido.es\/consumo\/#website"},"datePublished":"2020-12-15T11:43:30+00:00","dateModified":"2025-02-06T08:17:24+00:00","description":"Los mejores consejos para consumidores: gu\u00edas de compra, derechos del consumidor o ahorro inteligente. \u00a1Toma decisiones informadas!","breadcrumb":{"@id":"https:\/\/elejido.es\/consumo\/index.php\/el-consumidor\/consejos\/#breadcrumb"},"inLanguage":"es","potentialAction":[{"@type":"ReadAction","target":["https:\/\/elejido.es\/consumo\/index.php\/el-consumidor\/consejos\/"]}]},{"@type":"BreadcrumbList","@id":"https:\/\/elejido.es\/consumo\/index.php\/el-consumidor\/consejos\/#breadcrumb","itemListElement":[{"@type":"ListItem","position":1,"name":"El Consumidor","item":"https:\/\/elejido.es\/consumo\/index.php\/el-consumidor\/"},{"@type":"ListItem","position":2,"name":"Consejos"}]},{"@type":"WebSite","@id":"https:\/\/elejido.es\/consumo\/#website","url":"https:\/\/elejido.es\/consumo\/","name":"Consumo El Ejido","description":"P\u00e1gina Oficial del \u00c1rea de Consumo del Ayuntamiento de El Ejido. Conoce la OMIC de El Ejido. Consejos para consumidores y mucho m\u00e1s.","publisher":{"@id":"https:\/\/elejido.es\/consumo\/#organization"},"potentialAction":[{"@type":"SearchAction","target":{"@type":"EntryPoint","urlTemplate":"https:\/\/elejido.es\/consumo\/?s={search_term_string}"},"query-input":{"@type":"PropertyValueSpecification","valueRequired":true,"valueName":"search_term_string"}}],"inLanguage":"es"},{"@type":"Organization","@id":"https:\/\/elejido.es\/consumo\/#organization","name":"Consumo El Ejido","url":"https:\/\/elejido.es\/consumo\/","logo":{"@type":"ImageObject","inLanguage":"es","@id":"https:\/\/elejido.es\/consumo\/#\/schema\/logo\/image\/","url":"https:\/\/elejido.es\/consumo\/wp-content\/uploads\/2023\/08\/unnamed.jpg","contentUrl":"https:\/\/elejido.es\/consumo\/wp-content\/uploads\/2023\/08\/unnamed.jpg","width":512,"height":260,"caption":"Consumo El Ejido"},"image":{"@id":"https:\/\/elejido.es\/consumo\/#\/schema\/logo\/image\/"}}]}},"_links":{"self":[{"href":"https:\/\/elejido.es\/consumo\/index.php\/wp-json\/wp\/v2\/pages\/1675","targetHints":{"allow":["GET"]}}],"collection":[{"href":"https:\/\/elejido.es\/consumo\/index.php\/wp-json\/wp\/v2\/pages"}],"about":[{"href":"https:\/\/elejido.es\/consumo\/index.php\/wp-json\/wp\/v2\/types\/page"}],"author":[{"embeddable":true,"href":"https:\/\/elejido.es\/consumo\/index.php\/wp-json\/wp\/v2\/users\/5"}],"replies":[{"embeddable":true,"href":"https:\/\/elejido.es\/consumo\/index.php\/wp-json\/wp\/v2\/comments?post=1675"}],"version-history":[{"count":33,"href":"https:\/\/elejido.es\/consumo\/index.php\/wp-json\/wp\/v2\/pages\/1675\/revisions"}],"predecessor-version":[{"id":22866,"href":"https:\/\/elejido.es\/consumo\/index.php\/wp-json\/wp\/v2\/pages\/1675\/revisions\/22866"}],"up":[{"embeddable":true,"href":"https:\/\/elejido.es\/consumo\/index.php\/wp-json\/wp\/v2\/pages\/21772"}],"wp:attachment":[{"href":"https:\/\/elejido.es\/consumo\/index.php\/wp-json\/wp\/v2\/media?parent=1675"}],"curies":[{"name":"wp","href":"https:\/\/api.w.org\/{rel}","templated":true}]}}