{"id":21758,"date":"2023-08-18T10:15:17","date_gmt":"2023-08-18T08:15:17","guid":{"rendered":"https:\/\/elejido.es\/consumo\/?page_id=21758"},"modified":"2025-02-18T10:59:09","modified_gmt":"2025-02-18T09:59:09","slug":"junta-arbitral-de-consumo","status":"publish","type":"page","link":"https:\/\/elejido.es\/consumo\/index.php\/sistema-arbitral-de-consumo\/junta-arbitral-de-consumo\/","title":{"rendered":"SAC para empresarios"},"content":{"rendered":"\n<div class=\"wp-block-group container\"><div class=\"wp-block-group__inner-container is-layout-flow wp-block-group-is-layout-flow\">\n<div style=\"height:25px\" aria-hidden=\"true\" class=\"wp-block-spacer\"><\/div>\n\n\n\n<div style=\"height:25px\" aria-hidden=\"true\" class=\"wp-block-spacer\"><\/div>\n\n\n<div class=\"breadcrumbs align  wp-block-bcn-breadcrumb-trail has-text-color has-background\" vocab=\"https:\/\/schema.org\/\" typeof=\"BreadcrumbList\">\n\t<span><\/span>\n\t<span property=\"itemListElement\" typeof=\"ListItem\"><a property=\"item\" typeof=\"WebPage\" title=\"Ir a Consumo El Ejido.\" href=\"https:\/\/elejido.es\/consumo\" class=\"home\" aria-current=\"page\"><span property=\"name\">Consumo El Ejido<\/span><\/a><meta property=\"position\" content=\"1\"><\/span><\/div>\n\n\n\n<div style=\"height:25px\" aria-hidden=\"true\" class=\"wp-block-spacer\"><\/div>\n\n\n\n<div style=\"height:25px\" aria-hidden=\"true\" class=\"wp-block-spacer\"><\/div>\n\n\n\n<h2 class=\"has-text-align-left animated zoomIn duration1 eds-on-scroll wp-block-heading\">Sistema Arbitral de Consumo para empresarios<\/h2>\n\n\n\n<p><strong>La Junta Arbitral Municipal de Consumo de El Ejido, <\/strong>es un servicio p\u00fablico integrado en la Concejal\u00eda de Turismo, Fomento, Comercio, Sanidad y Consumo del Ayuntamiento de El Ejido<strong>.<\/strong> Es una v\u00eda extrajudicial, r\u00e1pida, eficaz y gratuita que permite resolver f\u00e1cilmente los conflictos que puedan surgir entre consumidores y empresarios. Se encuentra regulado por el Real Decreto 231\/2008 de 15 de febrero por el que se regula el Sistema Arbitral de Consumo.<\/p>\n\n\n\n<div style=\"height:25px\" aria-hidden=\"true\" class=\"wp-block-spacer\"><\/div>\n\n\n\n<figure class=\"wp-block-image size-large is-resized\"><img loading=\"lazy\" decoding=\"async\" src=\"https:\/\/app.elejido.es\/consumo\/wp-content\/uploads\/2023\/08\/calco-de-imagen-1080x1080.png\" alt=\"\" class=\"wp-image-21763\" width=\"270\" height=\"270\" srcset=\"https:\/\/elejido.es\/consumo\/wp-content\/uploads\/2023\/08\/calco-de-imagen-1080x1080.png 1080w, https:\/\/elejido.es\/consumo\/wp-content\/uploads\/2023\/08\/calco-de-imagen-500x500.png 500w, https:\/\/elejido.es\/consumo\/wp-content\/uploads\/2023\/08\/calco-de-imagen-150x150.png 150w, https:\/\/elejido.es\/consumo\/wp-content\/uploads\/2023\/08\/calco-de-imagen-768x768.png 768w, https:\/\/elejido.es\/consumo\/wp-content\/uploads\/2023\/08\/calco-de-imagen-300x300.png 300w, https:\/\/elejido.es\/consumo\/wp-content\/uploads\/2023\/08\/calco-de-imagen-800x800.png 800w, https:\/\/elejido.es\/consumo\/wp-content\/uploads\/2023\/08\/calco-de-imagen-1280x1280.png 1280w, https:\/\/elejido.es\/consumo\/wp-content\/uploads\/2023\/08\/calco-de-imagen-600x600.png 600w, https:\/\/elejido.es\/consumo\/wp-content\/uploads\/2023\/08\/calco-de-imagen.png 1417w\" sizes=\"auto, (max-width: 270px) 100vw, 270px\" \/><\/figure>\n\n\n\n<div style=\"height:50px\" aria-hidden=\"true\" class=\"wp-block-spacer\"><\/div>\n\n\n\n<h3 class=\"wp-block-heading\">Caracter\u00edsticas del servicio:<\/h3>\n\n\n\n<ul class=\"wp-block-list\">\n<li><strong>R\u00e1pido:<\/strong> Se tramita en un periodo breve de tiempo.<\/li>\n\n\n\n<li><strong>Voluntario:<\/strong> Ambas partes se adhieren libremente al sistema para quedar vinculadas a las resoluciones.<\/li>\n\n\n\n<li><strong>Eficaz:<\/strong> Se resuelve sin tener que recurrir a la v\u00eda judicial ordinaria.<\/li>\n\n\n\n<li><strong>Gratuito:<\/strong> Para ambas partes.<\/li>\n\n\n\n<li><strong>Ejecutivo:<\/strong> Las resoluciones arbitrales son de cumplimiento obligado, igual que una sentencia judicial.<\/li>\n<\/ul>\n\n\n\n<div style=\"height:25px\" aria-hidden=\"true\" class=\"wp-block-spacer\"><\/div>\n\n\n\n<p><strong>Si eres consumidor o usuario<\/strong> y ves que una empresa exhibe este distintivo en su establecimiento o publicidad, te encuentras ante un proveedor que te asegura poder resolver cualquier desacuerdo.<\/p>\n\n\n\n<p><strong>Si eres empresario<\/strong> y te adhieres al Sistema Arbitral de Consumo podr\u00e1s exhibir este distintivo oficial que proporciona a tus clientes una garant\u00eda a\u00f1adida a los servicios que ofreces habitualmente.<\/p>\n\n\n\n<div style=\"height:25px\" aria-hidden=\"true\" class=\"wp-block-spacer\"><\/div>\n\n\n\n<p><strong>Un sistema que beneficia a todos: <\/strong><\/p>\n\n\n\n<ul class=\"wp-block-list\">\n<li><strong>A los consumidores<\/strong><br>Porque podr\u00e1n obtener gratuitamente una satisfacci\u00f3n inmediata cuando se hayan vulnerado sus derechos.<\/li>\n\n\n\n<li><strong>Y a los empresarios<\/strong><br>Porque demuestran fiabilidad y confianza absolutas a sus clientes, mejorando as\u00ed su imagen y credibilidad.<\/li>\n<\/ul>\n\n\n\n<div style=\"height:25px\" aria-hidden=\"true\" class=\"wp-block-spacer\"><\/div>\n\n\n\n<h3 class=\"wp-block-heading\">Formulario de Adhesi\u00f3n<\/h3>\n\n\n\n<p>Si te interesa y quieres darte de alta en este servicio, rellena el <a href=\"https:\/\/app.elejido.es\/consumo\/wp-content\/uploads\/2024\/01\/MOD202J-solicitud-adhesion-SAC-1.pdf\">Formulario de Adhesi\u00f3n<\/a> y tram\u00edtalo a trav\u00e9s de la Oficina Virtual del Ayuntamiento de El Ejido.  <\/p>\n\n\n<div id=\"pl-gb21758-69d779562d9de\"  class=\"panel-layout\" ><div id=\"pg-gb21758-69d779562d9de-0\"  class=\"panel-grid panel-no-style\" ><div id=\"pgc-gb21758-69d779562d9de-0-0\"  class=\"panel-grid-cell\" ><div id=\"panel-gb21758-69d779562d9de-0-0-0\" class=\"so-panel widget widget_sow-cta panel-first-child panel-last-child\" data-index=\"0\" ><div\n\t\t\t\n\t\t\tclass=\"so-widget-sow-cta so-widget-sow-cta-default-d14a8d7b8425-21758\"\n\t\t\t\n\t\t><div\n\tclass=\"sow-cta-base\"\n\t>\n\t\n\t<div class=\"sow-cta-wrapper\">\n\n\t\t<div class=\"sow-cta-text\">\n\t\t\t\t\t\t\t<h4 class=\"sow-cta-title\">\n\t\t\t\t\tFormulario de Adhesi\u00f3n\t\t\t\t<\/h4>\n\t\t\t\n\t\t\t\t\t\t\t<h4 class=\"sow-cta-subtitle\">\n\t\t\t\t\tRellena el siguiente formulario para adherirte al Sistema Arbitral de Consumo. \t\t\t\t<\/h4>\n\t\t\t\t\t<\/div>\n\n\t\t<div\n\t\t\t\n\t\t\tclass=\"so-widget-sow-button so-widget-sow-button-flat-ff7ed44237d6\"\n\t\t\t\n\t\t><div class=\"ow-button-base ow-button-align-center\"\n>\n\t\t\t<a\n\t\t\t\t\thref=\"https:\/\/app.elejido.es\/consumo\/wp-content\/uploads\/2024\/01\/MOD202J-solicitud-adhesion-SAC-1.pdf\"\n\t\t\t\t\tclass=\"sowb-button ow-icon-placement-left ow-button-hover\" \t>\n\t\t<span>\n\t\t\t\n\t\t\tVer m\u00e1s\t\t<\/span>\n\t\t\t<\/a>\n\t<\/div>\n<\/div>\n\t<\/div>\n\n\t<\/div>\n<\/div><\/div><\/div><\/div><\/div><\/div><\/div>\n","protected":false},"excerpt":{"rendered":"<p>Sistema Arbitral de Consumo para empresarios La Junta Arbitral Municipal de Consumo de El Ejido, es un servicio p\u00fablico integrado en la Concejal\u00eda de Turismo, Fomento, Comercio, Sanidad y Consumo del Ayuntamiento de El Ejido. Es una v\u00eda extrajudicial, r\u00e1pida, eficaz y gratuita que permite resolver f\u00e1cilmente los conflictos que puedan surgir entre consumidores y [&hellip;]<\/p>\n","protected":false},"author":5,"featured_media":0,"parent":22901,"menu_order":0,"comment_status":"closed","ping_status":"closed","template":"","meta":{"content-type":"","ocean_post_layout":"","ocean_both_sidebars_style":"","ocean_both_sidebars_content_width":0,"ocean_both_sidebars_sidebars_width":0,"ocean_sidebar":"0","ocean_second_sidebar":"0","ocean_disable_margins":"enable","ocean_add_body_class":"","ocean_shortcode_before_top_bar":"","ocean_shortcode_after_top_bar":"","ocean_shortcode_before_header":"","ocean_shortcode_after_header":"","ocean_has_shortcode":"","ocean_shortcode_after_title":"","ocean_shortcode_before_footer_widgets":"","ocean_shortcode_after_footer_widgets":"","ocean_shortcode_before_footer_bottom":"","ocean_shortcode_after_footer_bottom":"","ocean_display_top_bar":"default","ocean_display_header":"default","ocean_header_style":"","ocean_center_header_left_menu":"0","ocean_custom_header_template":"0","ocean_custom_logo":0,"ocean_custom_retina_logo":0,"ocean_custom_logo_max_width":0,"ocean_custom_logo_tablet_max_width":0,"ocean_custom_logo_mobile_max_width":0,"ocean_custom_logo_max_height":0,"ocean_custom_logo_tablet_max_height":0,"ocean_custom_logo_mobile_max_height":0,"ocean_header_custom_menu":"0","ocean_menu_typo_font_family":"0","ocean_menu_typo_font_subset":"","ocean_menu_typo_font_size":0,"ocean_menu_typo_font_size_tablet":0,"ocean_menu_typo_font_size_mobile":0,"ocean_menu_typo_font_size_unit":"px","ocean_menu_typo_font_weight":"","ocean_menu_typo_font_weight_tablet":"","ocean_menu_typo_font_weight_mobile":"","ocean_menu_typo_transform":"","ocean_menu_typo_transform_tablet":"","ocean_menu_typo_transform_mobile":"","ocean_menu_typo_line_height":0,"ocean_menu_typo_line_height_tablet":0,"ocean_menu_typo_line_height_mobile":0,"ocean_menu_typo_line_height_unit":"","ocean_menu_typo_spacing":0,"ocean_menu_typo_spacing_tablet":0,"ocean_menu_typo_spacing_mobile":0,"ocean_menu_typo_spacing_unit":"","ocean_menu_link_color":"","ocean_menu_link_color_hover":"","ocean_menu_link_color_active":"","ocean_menu_link_background":"","ocean_menu_link_hover_background":"","ocean_menu_link_active_background":"","ocean_menu_social_links_bg":"","ocean_menu_social_hover_links_bg":"","ocean_menu_social_links_color":"","ocean_menu_social_hover_links_color":"","ocean_disable_title":"default","ocean_disable_heading":"default","ocean_post_title":"","ocean_post_subheading":"","ocean_post_title_style":"","ocean_post_title_background_color":"","ocean_post_title_background":0,"ocean_post_title_bg_image_position":"","ocean_post_title_bg_image_attachment":"","ocean_post_title_bg_image_repeat":"","ocean_post_title_bg_image_size":"","ocean_post_title_height":0,"ocean_post_title_bg_overlay":0.5,"ocean_post_title_bg_overlay_color":"","ocean_disable_breadcrumbs":"default","ocean_breadcrumbs_color":"","ocean_breadcrumbs_separator_color":"","ocean_breadcrumbs_links_color":"","ocean_breadcrumbs_links_hover_color":"","ocean_display_footer_widgets":"default","ocean_display_footer_bottom":"default","ocean_custom_footer_template":"0","footnotes":""},"class_list":["post-21758","page","type-page","status-publish","hentry","entry"],"yoast_head":"<!-- This site is optimized with the Yoast SEO plugin v27.3 - https:\/\/yoast.com\/product\/yoast-seo-wordpress\/ -->\n<title>SAC para empresarios - Consumo El Ejido<\/title>\n<meta name=\"description\" content=\"Date de alta en el Sistema Arbitral de Consumo y resuelve los conflictos con rapidez y eficacia. Es gratuito. No lo dudes e inf\u00f3rmate.\" \/>\n<meta name=\"robots\" content=\"index, follow, max-snippet:-1, max-image-preview:large, max-video-preview:-1\" \/>\n<link rel=\"canonical\" href=\"https:\/\/elejido.es\/consumo\/index.php\/sistema-arbitral-de-consumo\/junta-arbitral-de-consumo\/\" \/>\n<meta property=\"og:locale\" content=\"es_ES\" \/>\n<meta property=\"og:type\" content=\"article\" \/>\n<meta property=\"og:title\" content=\"SAC para empresarios - Consumo El Ejido\" \/>\n<meta property=\"og:description\" content=\"Date de alta en el Sistema Arbitral de Consumo y resuelve los conflictos con rapidez y eficacia. Es gratuito. No lo dudes e inf\u00f3rmate.\" \/>\n<meta property=\"og:url\" content=\"https:\/\/elejido.es\/consumo\/index.php\/sistema-arbitral-de-consumo\/junta-arbitral-de-consumo\/\" \/>\n<meta property=\"og:site_name\" content=\"Consumo El Ejido\" \/>\n<meta property=\"article:modified_time\" content=\"2025-02-18T09:59:09+00:00\" \/>\n<meta property=\"og:image\" content=\"https:\/\/app.elejido.es\/consumo\/wp-content\/uploads\/2023\/08\/calco-de-imagen-1080x1080.png\" \/>\n<meta name=\"twitter:card\" content=\"summary_large_image\" \/>\n<meta name=\"twitter:label1\" content=\"Tiempo de lectura\" \/>\n\t<meta name=\"twitter:data1\" content=\"2 minutos\" \/>\n<script type=\"application\/ld+json\" class=\"yoast-schema-graph\">{\"@context\":\"https:\\\/\\\/schema.org\",\"@graph\":[{\"@type\":\"WebPage\",\"@id\":\"https:\\\/\\\/elejido.es\\\/consumo\\\/index.php\\\/sistema-arbitral-de-consumo\\\/junta-arbitral-de-consumo\\\/\",\"url\":\"https:\\\/\\\/elejido.es\\\/consumo\\\/index.php\\\/sistema-arbitral-de-consumo\\\/junta-arbitral-de-consumo\\\/\",\"name\":\"SAC para empresarios - Consumo El Ejido\",\"isPartOf\":{\"@id\":\"https:\\\/\\\/elejido.es\\\/consumo\\\/#website\"},\"primaryImageOfPage\":{\"@id\":\"https:\\\/\\\/elejido.es\\\/consumo\\\/index.php\\\/sistema-arbitral-de-consumo\\\/junta-arbitral-de-consumo\\\/#primaryimage\"},\"image\":{\"@id\":\"https:\\\/\\\/elejido.es\\\/consumo\\\/index.php\\\/sistema-arbitral-de-consumo\\\/junta-arbitral-de-consumo\\\/#primaryimage\"},\"thumbnailUrl\":\"https:\\\/\\\/app.elejido.es\\\/consumo\\\/wp-content\\\/uploads\\\/2023\\\/08\\\/calco-de-imagen-1080x1080.png\",\"datePublished\":\"2023-08-18T08:15:17+00:00\",\"dateModified\":\"2025-02-18T09:59:09+00:00\",\"description\":\"Date de alta en el Sistema Arbitral de Consumo y resuelve los conflictos con rapidez y eficacia. Es gratuito. No lo dudes e inf\u00f3rmate.\",\"breadcrumb\":{\"@id\":\"https:\\\/\\\/elejido.es\\\/consumo\\\/index.php\\\/sistema-arbitral-de-consumo\\\/junta-arbitral-de-consumo\\\/#breadcrumb\"},\"inLanguage\":\"es\",\"potentialAction\":[{\"@type\":\"ReadAction\",\"target\":[\"https:\\\/\\\/elejido.es\\\/consumo\\\/index.php\\\/sistema-arbitral-de-consumo\\\/junta-arbitral-de-consumo\\\/\"]}]},{\"@type\":\"ImageObject\",\"inLanguage\":\"es\",\"@id\":\"https:\\\/\\\/elejido.es\\\/consumo\\\/index.php\\\/sistema-arbitral-de-consumo\\\/junta-arbitral-de-consumo\\\/#primaryimage\",\"url\":\"https:\\\/\\\/app.elejido.es\\\/consumo\\\/wp-content\\\/uploads\\\/2023\\\/08\\\/calco-de-imagen-1080x1080.png\",\"contentUrl\":\"https:\\\/\\\/app.elejido.es\\\/consumo\\\/wp-content\\\/uploads\\\/2023\\\/08\\\/calco-de-imagen-1080x1080.png\"},{\"@type\":\"BreadcrumbList\",\"@id\":\"https:\\\/\\\/elejido.es\\\/consumo\\\/index.php\\\/sistema-arbitral-de-consumo\\\/junta-arbitral-de-consumo\\\/#breadcrumb\",\"itemListElement\":[{\"@type\":\"ListItem\",\"position\":1,\"name\":\"Sistema Arbitral de Consumo\",\"item\":\"https:\\\/\\\/elejido.es\\\/consumo\\\/index.php\\\/sistema-arbitral-de-consumo\\\/\"},{\"@type\":\"ListItem\",\"position\":2,\"name\":\"SAC para empresarios\"}]},{\"@type\":\"WebSite\",\"@id\":\"https:\\\/\\\/elejido.es\\\/consumo\\\/#website\",\"url\":\"https:\\\/\\\/elejido.es\\\/consumo\\\/\",\"name\":\"Consumo El Ejido\",\"description\":\"P\u00e1gina Oficial del \u00c1rea de Consumo del Ayuntamiento de El Ejido. Conoce la OMIC de El Ejido. Consejos para consumidores y mucho m\u00e1s.\",\"publisher\":{\"@id\":\"https:\\\/\\\/elejido.es\\\/consumo\\\/#organization\"},\"potentialAction\":[{\"@type\":\"SearchAction\",\"target\":{\"@type\":\"EntryPoint\",\"urlTemplate\":\"https:\\\/\\\/elejido.es\\\/consumo\\\/?s={search_term_string}\"},\"query-input\":{\"@type\":\"PropertyValueSpecification\",\"valueRequired\":true,\"valueName\":\"search_term_string\"}}],\"inLanguage\":\"es\"},{\"@type\":\"Organization\",\"@id\":\"https:\\\/\\\/elejido.es\\\/consumo\\\/#organization\",\"name\":\"Consumo El Ejido\",\"url\":\"https:\\\/\\\/elejido.es\\\/consumo\\\/\",\"logo\":{\"@type\":\"ImageObject\",\"inLanguage\":\"es\",\"@id\":\"https:\\\/\\\/elejido.es\\\/consumo\\\/#\\\/schema\\\/logo\\\/image\\\/\",\"url\":\"https:\\\/\\\/elejido.es\\\/consumo\\\/wp-content\\\/uploads\\\/2023\\\/08\\\/unnamed.jpg\",\"contentUrl\":\"https:\\\/\\\/elejido.es\\\/consumo\\\/wp-content\\\/uploads\\\/2023\\\/08\\\/unnamed.jpg\",\"width\":512,\"height\":260,\"caption\":\"Consumo El Ejido\"},\"image\":{\"@id\":\"https:\\\/\\\/elejido.es\\\/consumo\\\/#\\\/schema\\\/logo\\\/image\\\/\"}}]}<\/script>\n<!-- \/ Yoast SEO plugin. -->","yoast_head_json":{"title":"SAC para empresarios - Consumo El Ejido","description":"Date de alta en el Sistema Arbitral de Consumo y resuelve los conflictos con rapidez y eficacia. Es gratuito. No lo dudes e inf\u00f3rmate.","robots":{"index":"index","follow":"follow","max-snippet":"max-snippet:-1","max-image-preview":"max-image-preview:large","max-video-preview":"max-video-preview:-1"},"canonical":"https:\/\/elejido.es\/consumo\/index.php\/sistema-arbitral-de-consumo\/junta-arbitral-de-consumo\/","og_locale":"es_ES","og_type":"article","og_title":"SAC para empresarios - Consumo El Ejido","og_description":"Date de alta en el Sistema Arbitral de Consumo y resuelve los conflictos con rapidez y eficacia. Es gratuito. No lo dudes e inf\u00f3rmate.","og_url":"https:\/\/elejido.es\/consumo\/index.php\/sistema-arbitral-de-consumo\/junta-arbitral-de-consumo\/","og_site_name":"Consumo El Ejido","article_modified_time":"2025-02-18T09:59:09+00:00","og_image":[{"url":"https:\/\/app.elejido.es\/consumo\/wp-content\/uploads\/2023\/08\/calco-de-imagen-1080x1080.png","type":"","width":"","height":""}],"twitter_card":"summary_large_image","twitter_misc":{"Tiempo de lectura":"2 minutos"},"schema":{"@context":"https:\/\/schema.org","@graph":[{"@type":"WebPage","@id":"https:\/\/elejido.es\/consumo\/index.php\/sistema-arbitral-de-consumo\/junta-arbitral-de-consumo\/","url":"https:\/\/elejido.es\/consumo\/index.php\/sistema-arbitral-de-consumo\/junta-arbitral-de-consumo\/","name":"SAC para empresarios - Consumo El Ejido","isPartOf":{"@id":"https:\/\/elejido.es\/consumo\/#website"},"primaryImageOfPage":{"@id":"https:\/\/elejido.es\/consumo\/index.php\/sistema-arbitral-de-consumo\/junta-arbitral-de-consumo\/#primaryimage"},"image":{"@id":"https:\/\/elejido.es\/consumo\/index.php\/sistema-arbitral-de-consumo\/junta-arbitral-de-consumo\/#primaryimage"},"thumbnailUrl":"https:\/\/app.elejido.es\/consumo\/wp-content\/uploads\/2023\/08\/calco-de-imagen-1080x1080.png","datePublished":"2023-08-18T08:15:17+00:00","dateModified":"2025-02-18T09:59:09+00:00","description":"Date de alta en el Sistema Arbitral de Consumo y resuelve los conflictos con rapidez y eficacia. Es gratuito. No lo dudes e inf\u00f3rmate.","breadcrumb":{"@id":"https:\/\/elejido.es\/consumo\/index.php\/sistema-arbitral-de-consumo\/junta-arbitral-de-consumo\/#breadcrumb"},"inLanguage":"es","potentialAction":[{"@type":"ReadAction","target":["https:\/\/elejido.es\/consumo\/index.php\/sistema-arbitral-de-consumo\/junta-arbitral-de-consumo\/"]}]},{"@type":"ImageObject","inLanguage":"es","@id":"https:\/\/elejido.es\/consumo\/index.php\/sistema-arbitral-de-consumo\/junta-arbitral-de-consumo\/#primaryimage","url":"https:\/\/app.elejido.es\/consumo\/wp-content\/uploads\/2023\/08\/calco-de-imagen-1080x1080.png","contentUrl":"https:\/\/app.elejido.es\/consumo\/wp-content\/uploads\/2023\/08\/calco-de-imagen-1080x1080.png"},{"@type":"BreadcrumbList","@id":"https:\/\/elejido.es\/consumo\/index.php\/sistema-arbitral-de-consumo\/junta-arbitral-de-consumo\/#breadcrumb","itemListElement":[{"@type":"ListItem","position":1,"name":"Sistema Arbitral de Consumo","item":"https:\/\/elejido.es\/consumo\/index.php\/sistema-arbitral-de-consumo\/"},{"@type":"ListItem","position":2,"name":"SAC para empresarios"}]},{"@type":"WebSite","@id":"https:\/\/elejido.es\/consumo\/#website","url":"https:\/\/elejido.es\/consumo\/","name":"Consumo El Ejido","description":"P\u00e1gina Oficial del \u00c1rea de Consumo del Ayuntamiento de El Ejido. Conoce la OMIC de El Ejido. Consejos para consumidores y mucho m\u00e1s.","publisher":{"@id":"https:\/\/elejido.es\/consumo\/#organization"},"potentialAction":[{"@type":"SearchAction","target":{"@type":"EntryPoint","urlTemplate":"https:\/\/elejido.es\/consumo\/?s={search_term_string}"},"query-input":{"@type":"PropertyValueSpecification","valueRequired":true,"valueName":"search_term_string"}}],"inLanguage":"es"},{"@type":"Organization","@id":"https:\/\/elejido.es\/consumo\/#organization","name":"Consumo El Ejido","url":"https:\/\/elejido.es\/consumo\/","logo":{"@type":"ImageObject","inLanguage":"es","@id":"https:\/\/elejido.es\/consumo\/#\/schema\/logo\/image\/","url":"https:\/\/elejido.es\/consumo\/wp-content\/uploads\/2023\/08\/unnamed.jpg","contentUrl":"https:\/\/elejido.es\/consumo\/wp-content\/uploads\/2023\/08\/unnamed.jpg","width":512,"height":260,"caption":"Consumo El Ejido"},"image":{"@id":"https:\/\/elejido.es\/consumo\/#\/schema\/logo\/image\/"}}]}},"_links":{"self":[{"href":"https:\/\/elejido.es\/consumo\/index.php\/wp-json\/wp\/v2\/pages\/21758","targetHints":{"allow":["GET"]}}],"collection":[{"href":"https:\/\/elejido.es\/consumo\/index.php\/wp-json\/wp\/v2\/pages"}],"about":[{"href":"https:\/\/elejido.es\/consumo\/index.php\/wp-json\/wp\/v2\/types\/page"}],"author":[{"embeddable":true,"href":"https:\/\/elejido.es\/consumo\/index.php\/wp-json\/wp\/v2\/users\/5"}],"replies":[{"embeddable":true,"href":"https:\/\/elejido.es\/consumo\/index.php\/wp-json\/wp\/v2\/comments?post=21758"}],"version-history":[{"count":28,"href":"https:\/\/elejido.es\/consumo\/index.php\/wp-json\/wp\/v2\/pages\/21758\/revisions"}],"predecessor-version":[{"id":22919,"href":"https:\/\/elejido.es\/consumo\/index.php\/wp-json\/wp\/v2\/pages\/21758\/revisions\/22919"}],"up":[{"embeddable":true,"href":"https:\/\/elejido.es\/consumo\/index.php\/wp-json\/wp\/v2\/pages\/22901"}],"wp:attachment":[{"href":"https:\/\/elejido.es\/consumo\/index.php\/wp-json\/wp\/v2\/media?parent=21758"}],"curies":[{"name":"wp","href":"https:\/\/api.w.org\/{rel}","templated":true}]}}