{"id":271,"date":"2019-04-04T09:17:31","date_gmt":"2019-04-04T07:17:31","guid":{"rendered":"https:\/\/elejido.es\/dusiejido\/?page_id=271"},"modified":"2019-04-08T09:48:53","modified_gmt":"2019-04-08T07:48:53","slug":"fondo-social-europeo-fse","status":"publish","type":"page","link":"https:\/\/elejido.es\/dusiejido\/index.php\/fondo-social-europeo-fse\/","title":{"rendered":"Fondo Social Europeo (FSE) 2000-2006"},"content":{"rendered":"<p><strong>FORMACI\u00d3N Y DESARROLLO INTEGRAL<\/strong><\/p>\n<p><strong>Presupuesto y Financiaci\u00f3n<\/strong><\/p>\n<p>Inversi\u00f3n Total: 150.583,88 Euros.<\/p>\n<p>Ayuda: 105408,72 Euros<\/p>\n<p>Cofinanciaci\u00f3n: Fondo Social Europeo FSE: 70% Ayuntamiento El Ejido: 30% Organismo Intermediario: Ministerio de Administraciones P\u00fablicas.<\/p>\n<p><img loading=\"lazy\" class=\"alignnone size-medium wp-image-272\" src=\"https:\/\/elejido.es\/dusiejido\/wp-content\/uploads\/2019\/04\/panel-300x225.jpg\" alt=\"\" width=\"300\" height=\"225\" srcset=\"https:\/\/elejido.es\/dusiejido\/wp-content\/uploads\/2019\/04\/panel-300x225.jpg 300w, https:\/\/elejido.es\/dusiejido\/wp-content\/uploads\/2019\/04\/panel.jpg 640w\" sizes=\"(max-width: 300px) 100vw, 300px\" \/><\/p>\n<p>&nbsp;<\/p>\n<p>COFINANCIADO POR LA UNI\u00d3N EUROPEA<br \/>\nFONDO SOCIAL EUROPEO<\/p>\n<p><strong>Tipo de Proyecto y Finalidad<\/strong><\/p>\n<p>\u00b7 Tipo de Proyecto:<\/p>\n<p>Programa Operativo de Fomento de Empleo P.O. 2000 ES 051PO017 (Objetivo 1), aprobado por la Comisi\u00f3n de la U.E para el per\u00edodo 2000-2006, en el eje de Desarrollo Local y Urbano, en el que se contiene la ayuda de la Subvenci\u00f3n Global del Fondo Social Europeo, destinada a financiar proyectos que contribuyan al desarrollo local.<\/p>\n<p>\u00b7 Finalidad:<\/p>\n<p>Ofrecer a 15 demandantes de empleo una oportunidad de pr\u00e1ctica laboral acompa\u00f1ada de la formaci\u00f3n adecuada en la prestaci\u00f3n de servicios de atenci\u00f3n a personas con especiales necesidades, dentro de un itinerario integrado de inserci\u00f3n.<\/p>\n","protected":false},"excerpt":{"rendered":"<p>FORMACI\u00d3N Y DESARROLLO INTEGRAL Presupuesto y Financiaci\u00f3n Inversi\u00f3n Total: 150.583,88 Euros. Ayuda: 105408,72 Euros Cofinanciaci\u00f3n: Fondo Social Europeo FSE: 70% Ayuntamiento El Ejido: 30% Organismo Intermediario: Ministerio de Administraciones P\u00fablicas. &nbsp; COFINANCIADO POR LA UNI\u00d3N EUROPEA FONDO SOCIAL EUROPEO Tipo de Proyecto y Finalidad \u00b7 Tipo de Proyecto: Programa Operativo de Fomento de Empleo P.O. &hellip; <a href=\"https:\/\/elejido.es\/dusiejido\/index.php\/fondo-social-europeo-fse\/\" class=\"more-link\">Seguir leyendo <span class=\"screen-reader-text\">Fondo Social Europeo (FSE) 2000-2006<\/span> <span class=\"meta-nav\">&rarr;<\/span><\/a><\/p>\n","protected":false},"author":1,"featured_media":0,"parent":0,"menu_order":0,"comment_status":"closed","ping_status":"closed","template":"","meta":[],"_links":{"self":[{"href":"https:\/\/elejido.es\/dusiejido\/index.php\/wp-json\/wp\/v2\/pages\/271"}],"collection":[{"href":"https:\/\/elejido.es\/dusiejido\/index.php\/wp-json\/wp\/v2\/pages"}],"about":[{"href":"https:\/\/elejido.es\/dusiejido\/index.php\/wp-json\/wp\/v2\/types\/page"}],"author":[{"embeddable":true,"href":"https:\/\/elejido.es\/dusiejido\/index.php\/wp-json\/wp\/v2\/users\/1"}],"replies":[{"embeddable":true,"href":"https:\/\/elejido.es\/dusiejido\/index.php\/wp-json\/wp\/v2\/comments?post=271"}],"version-history":[{"count":2,"href":"https:\/\/elejido.es\/dusiejido\/index.php\/wp-json\/wp\/v2\/pages\/271\/revisions"}],"predecessor-version":[{"id":342,"href":"https:\/\/elejido.es\/dusiejido\/index.php\/wp-json\/wp\/v2\/pages\/271\/revisions\/342"}],"wp:attachment":[{"href":"https:\/\/elejido.es\/dusiejido\/index.php\/wp-json\/wp\/v2\/media?parent=271"}],"curies":[{"name":"wp","href":"https:\/\/api.w.org\/{rel}","templated":true}]}}