{"id":274,"date":"2019-04-04T09:18:33","date_gmt":"2019-04-04T07:18:33","guid":{"rendered":"https:\/\/elejido.es\/dusiejido\/?page_id=274"},"modified":"2019-04-08T09:49:35","modified_gmt":"2019-04-08T07:49:35","slug":"fondo-de-cohesion-fse","status":"publish","type":"page","link":"https:\/\/elejido.es\/dusiejido\/index.php\/fondo-de-cohesion-fse\/","title":{"rendered":"Fondo de Cohesi\u00f3n 2000-2006"},"content":{"rendered":"<p><strong>ACTUACI\u00d3N GLOBAL DE LAS INFRAESTRUCTURAS DE ABASTECIMIENTO Y SANEAMIENTO EN LA ENSENADA DE SAN MIGUEL-ALMERIMAR (EL EJIDO)<\/strong><\/p>\n<p><strong>Presupuesto y Financiaci\u00f3n<\/strong><\/p>\n<p>Presupuesto: 3.165.916,35\u20ac<br \/>\nCofinanciaci\u00f3n: Fondo de Cohesi\u00f3n<\/p>\n<p>Mediante Decisi\u00f3n C(2001) de diciembre de 2001, por la que se aprueba ayuda del Fondo de Cohesi\u00f3n para el grupo de proyectos 2000 ES 16C PE 077, relativos a \u00abSaneamiento y Abastecimiento en las Cuencas Hidrogr\u00e1ficas del Guadalquivir y del Sur 2001\u00bb<\/p>\n<p>Tasa de cofinanciaci\u00f3n F. Cohesi\u00f3n: 80%<br \/>\nTotal Ayuda: 2.535.833\u20ac<\/p>\n<p>Tipo de Proyecto<\/p>\n<p>Medio ambiente:<\/p>\n<p>Abastecimiento de aguas<br \/>\nSaneamiento y depuraci\u00f3n<\/p>\n<p><img loading=\"lazy\" class=\"alignnone size-medium wp-image-275\" src=\"https:\/\/elejido.es\/dusiejido\/wp-content\/uploads\/2019\/04\/Cartel-infraestructuras-Almerimar2-300x184.jpg\" alt=\"\" width=\"300\" height=\"184\" srcset=\"https:\/\/elejido.es\/dusiejido\/wp-content\/uploads\/2019\/04\/Cartel-infraestructuras-Almerimar2-300x184.jpg 300w, https:\/\/elejido.es\/dusiejido\/wp-content\/uploads\/2019\/04\/Cartel-infraestructuras-Almerimar2.jpg 425w\" sizes=\"(max-width: 300px) 100vw, 300px\" \/><br \/>\n<strong>Deficiencias que pretende solucionar y Objetivos del Proyecto<\/strong><\/p>\n<p>\u00b7 Deficiencias que pretende solucionar<\/p>\n<p>La Ensenada de San Miguel-Almerimar es una zona extensa del litoral del municipio de El Ejido (Almer\u00eda) que ha experimentado en los \u00faltimos veinte a\u00f1os un gran crecimiento, en principio tur\u00edstico, y despu\u00e9s, tur\u00edstico y residencial, y que engloba varias urbanizaciones: Almerimar, Almerimar II, Entreverde, Camping Mar Azul y Ejido Beach.<\/p>\n<p>La poblaci\u00f3n residencial actual es de unos 5.000 habitantes, elev\u00e1ndose en los meses de Verano a 20.000. Se estima que la poblaci\u00f3n residencial permanente de la Ensenada se situar\u00e1 sobre unos 50.000 habitantes en el a\u00f1o 2.020.<\/p>\n<p>Los problemas y deficiencias m\u00e1s graves que se pretenden solucionar con el proyecto en la Ensenada son:<\/p>\n<p>Una muy deficiente calidad del agua potable por salinizaci\u00f3n de los pozos de donde se extrae el agua suministrada a la poblaci\u00f3n de la Ensenada.<br \/>\nLas redes de abastecimiento de la Ensenada no tienen conexi\u00f3n con las del resto del municipio, encontr\u00e1ndose aisladas.<br \/>\nLas redes de abastecimiento y saneamiento de la urbanizaci\u00f3n de Almerimar, la mayor y m\u00e1s poblada de todas las de la Ensenada de San Miguel, presentan graves deficiencias funcionales debido al envejecimiento e infradimensionamiento de las mismas.<br \/>\nLa evacuaci\u00f3n de las aguas residuales de la red de saneamiento de toda la Ensenada, debido a la morfolog\u00eda del terreno (carencia de pendientes naturales), es muy deficiente.<br \/>\nLa red de saneamiento no tiene conexi\u00f3n con la E.D.A.R. de El Ejido, existiendo una peque\u00f1a depuradora solo en la urbanizaci\u00f3n de Almerimar.<br \/>\nSolo existe la soluci\u00f3n adoptada de renovaci\u00f3n de las redes envejecidas e infradimensionadas, y la conexi\u00f3n de estas redes con las redes de los n\u00facleos de El Ejido y de Balerma para poder suministrarle agua de mucha mayor calidad procedente de pozos sin salinizar. Por otra parte, se construir\u00e1n estaciones de impulsi\u00f3n para elevar el caudal de las aguas residuales hasta la E.D.A.R. de El Ejido y el emisario submarino Guardias Viejas.<\/p>\n<p>\u00b7 Objetivos que se esperan obtener con la realizaci\u00f3n del proyecto:<\/p>\n<p>Los objetivos que se esperan alcanzar con la realizaci\u00f3n del proyecto son los siguientes:<\/p>\n<p>Suministrar agua de mayor calidad a los ciudadanos residentes en la Ensenada de San Miguel procedente de otros pozos del municipio.<br \/>\nConectar la red de abastecimiento de la Ensenada con las del resto del municipio. Por el este, con la red del n\u00facleo de Balerma, para suministrar agua del pozo de Balerma al deposito de Ejido Beach y, por el noroeste, con la red de El Ejido para alimentar el deposito de Almerimar con los pozos Alto, Bajo y Pampanico II de la mencionada Red. Con ello, se logra el objetivo anterior y adem\u00e1s, ante aver\u00edas, se dispondr\u00e1 de mayores alternativas para paliarlas.<br \/>\nRenovar las redes de abastecimiento y saneamiento deterioradas e infradimensionadas sustituy\u00e9ndolas por otras nuevas y correctamente dimensionadas para el crecimiento previsto de poblaci\u00f3n.<br \/>\nEvacuar las aguas residuales de toda la Ensenada de San Miguel a la E.D.A.R. de El Ejido, para su depuraci\u00f3n, mediante estaciones de bombeo e impulsi\u00f3n.<br \/>\nReutilizar, una vez depuradas, estas aguas residuales para el riego de todos las zonas verdes y ajardinadas de la Ensenada, con el correspondiente ahorro de agua potable.<\/p>\n","protected":false},"excerpt":{"rendered":"<p>ACTUACI\u00d3N GLOBAL DE LAS INFRAESTRUCTURAS DE ABASTECIMIENTO Y SANEAMIENTO EN LA ENSENADA DE SAN MIGUEL-ALMERIMAR (EL EJIDO) Presupuesto y Financiaci\u00f3n Presupuesto: 3.165.916,35\u20ac Cofinanciaci\u00f3n: Fondo de Cohesi\u00f3n Mediante Decisi\u00f3n C(2001) de diciembre de 2001, por la que se aprueba ayuda del Fondo de Cohesi\u00f3n para el grupo de proyectos 2000 ES 16C PE 077, relativos a &hellip; <a href=\"https:\/\/elejido.es\/dusiejido\/index.php\/fondo-de-cohesion-fse\/\" class=\"more-link\">Seguir leyendo <span class=\"screen-reader-text\">Fondo de Cohesi\u00f3n 2000-2006<\/span> <span class=\"meta-nav\">&rarr;<\/span><\/a><\/p>\n","protected":false},"author":1,"featured_media":0,"parent":0,"menu_order":0,"comment_status":"closed","ping_status":"closed","template":"","meta":[],"_links":{"self":[{"href":"https:\/\/elejido.es\/dusiejido\/index.php\/wp-json\/wp\/v2\/pages\/274"}],"collection":[{"href":"https:\/\/elejido.es\/dusiejido\/index.php\/wp-json\/wp\/v2\/pages"}],"about":[{"href":"https:\/\/elejido.es\/dusiejido\/index.php\/wp-json\/wp\/v2\/types\/page"}],"author":[{"embeddable":true,"href":"https:\/\/elejido.es\/dusiejido\/index.php\/wp-json\/wp\/v2\/users\/1"}],"replies":[{"embeddable":true,"href":"https:\/\/elejido.es\/dusiejido\/index.php\/wp-json\/wp\/v2\/comments?post=274"}],"version-history":[{"count":3,"href":"https:\/\/elejido.es\/dusiejido\/index.php\/wp-json\/wp\/v2\/pages\/274\/revisions"}],"predecessor-version":[{"id":343,"href":"https:\/\/elejido.es\/dusiejido\/index.php\/wp-json\/wp\/v2\/pages\/274\/revisions\/343"}],"wp:attachment":[{"href":"https:\/\/elejido.es\/dusiejido\/index.php\/wp-json\/wp\/v2\/media?parent=274"}],"curies":[{"name":"wp","href":"https:\/\/api.w.org\/{rel}","templated":true}]}}