{"id":56,"date":"2019-03-28T08:42:45","date_gmt":"2019-03-28T07:42:45","guid":{"rendered":"https:\/\/elejido.es\/dusiejido\/?page_id=56"},"modified":"2019-03-28T12:29:34","modified_gmt":"2019-03-28T11:29:34","slug":"inicio","status":"publish","type":"page","link":"https:\/\/elejido.es\/dusiejido\/","title":{"rendered":"<!Inicio>"},"content":{"rendered":"<div id=\"pl-56\"  class=\"panel-layout\" ><div id=\"pg-56-0\"  class=\"panel-grid panel-no-style\" ><div id=\"pgc-56-0-0\"  class=\"panel-grid-cell\" ><div id=\"panel-56-0-0-0\" class=\"widget_text so-panel widget widget_custom_html panel-first-child panel-last-child\" data-index=\"0\" ><div class=\"textwidget custom-html-widget\"><p><b>\u00bfQu\u00e9 son los Fondos Comunitarios?<\/b><\/p>\n\n<div align=\"justify\">Entre los Fondos Comunitarios del presupuesto de la UE, revisten un papel muy significativo los Fondos Estructurales Europeos y el Fondo de Cohesi\u00f3n, que tienen como finalidad favorecer la cohesi\u00f3n econ\u00f3mica y social en el espacio comunitario, a trav\u00e9s de la cofinanciaci\u00f3n de las pol\u00edticas de gasto p\u00fablico desarrolladas por los estados-miembros.<br\/>\n\nPara ello se elaboran Programas Operativos plurianuales que son los documentos que desarrollan y concretan la estrategia de desarrollo a cofinanciar con los Fondos Europeos, integrados por un conjunto coherente de ejes prioritarios y objetivos tem\u00e1ticos y la asignaci\u00f3n financiera anual para las medidas a desarrollar. <br\/>\n\n\tEl Ayuntamiento de El Ejido es beneficiario de ayudas de estos Fondos Europeos, que han cofinanciado proyectos destinados al desarrollo econ\u00f3mico y social de la ciudad de manera sostenible e inclusivo, para garantizar el bienestar social de sus vecinos y vecinas, presentes y futuros.<\/div><\/div><\/div><\/div><div id=\"pgc-56-0-1\"  class=\"panel-grid-cell\" ><div id=\"panel-56-0-1-0\" class=\"widget_text so-panel widget widget_custom_html panel-first-child panel-last-child\" data-index=\"1\" ><div class=\"textwidget custom-html-widget\"><div align=\"justify\" style=\"color:#428e8e;\"><p><b>What are Community Funds?<\/b><\/p>\n \nWithin the Community Funds of the EU budget, the European Structural Funds and the Cohesion Fund have a very significant role, which aim to favour economic and social cohesion in the community space, through the co-financing of the European Union  policies in public spending developed by member states.<br\/>\nFor this, Multi-annual Operational Programmes are elaborated, which are the documents that develop and specify the development strategy and co-finance with the European Funds, integrated by a coherent set of priority axes and the thematic objectives and the annual financial allocation for the measures to be developed.<br\/>\n\tEl Ejido City Council currently is beneficiary of aid from these European Funds, which have co-financed projects aimed at the economic and social development of the city in a sustainable and inclusive manner, to guarantee the social welfare of its neighbours, both in the present and the future.<\/div><\/div><\/div><\/div><div id=\"pgc-56-0-2\"  class=\"panel-grid-cell\" ><div id=\"panel-56-0-2-0\" class=\"widget_text so-panel widget widget_custom_html panel-first-child panel-last-child\" data-index=\"2\" ><div class=\"textwidget custom-html-widget\"><a href=\"http:\/\/www.dgfc.sepg.hacienda.gob.es\/sitios\/dgfc\/es-ES\/Paginas\/inicio.aspx\" target=\"_blank\" rel=\"noopener\"><img src=\"wp-content\/uploads\/2019\/03\/enlace1.jpg\"><\/a>\n<a href=\"https:\/\/elejido.es\/dusiejido\" target=\"_blank\" rel=\"noopener\"><img src=\"wp-content\/uploads\/2019\/03\/enlace2.jpg\"><\/a><\/div><\/div><\/div><\/div><\/div>","protected":false},"excerpt":{"rendered":"<p>\u00bfQu\u00e9 son los Fondos Comunitarios? Entre los Fondos Comunitarios del presupuesto de la UE, revisten un papel muy significativo los Fondos Estructurales Europeos y el Fondo de Cohesi\u00f3n, que tienen como finalidad favorecer la cohesi\u00f3n econ\u00f3mica y social en el espacio comunitario, a trav\u00e9s de la cofinanciaci\u00f3n de las pol\u00edticas de gasto p\u00fablico desarrolladas por &hellip; <a href=\"https:\/\/elejido.es\/dusiejido\/\" class=\"more-link\">Seguir leyendo <span class=\"screen-reader-text\"><!Inicio><\/span> <span class=\"meta-nav\">&rarr;<\/span><\/a><\/p>\n","protected":false},"author":1,"featured_media":0,"parent":0,"menu_order":0,"comment_status":"closed","ping_status":"closed","template":"","meta":[],"_links":{"self":[{"href":"https:\/\/elejido.es\/dusiejido\/index.php\/wp-json\/wp\/v2\/pages\/56"}],"collection":[{"href":"https:\/\/elejido.es\/dusiejido\/index.php\/wp-json\/wp\/v2\/pages"}],"about":[{"href":"https:\/\/elejido.es\/dusiejido\/index.php\/wp-json\/wp\/v2\/types\/page"}],"author":[{"embeddable":true,"href":"https:\/\/elejido.es\/dusiejido\/index.php\/wp-json\/wp\/v2\/users\/1"}],"replies":[{"embeddable":true,"href":"https:\/\/elejido.es\/dusiejido\/index.php\/wp-json\/wp\/v2\/comments?post=56"}],"version-history":[{"count":12,"href":"https:\/\/elejido.es\/dusiejido\/index.php\/wp-json\/wp\/v2\/pages\/56\/revisions"}],"predecessor-version":[{"id":79,"href":"https:\/\/elejido.es\/dusiejido\/index.php\/wp-json\/wp\/v2\/pages\/56\/revisions\/79"}],"wp:attachment":[{"href":"https:\/\/elejido.es\/dusiejido\/index.php\/wp-json\/wp\/v2\/media?parent=56"}],"curies":[{"name":"wp","href":"https:\/\/api.w.org\/{rel}","templated":true}]}}